{"id":357,"date":"2022-10-28T14:07:07","date_gmt":"2022-10-28T14:07:07","guid":{"rendered":"https:\/\/startersites.io\/elementor\/restaurant\/?page_id=357"},"modified":"2024-09-10T18:42:56","modified_gmt":"2024-09-10T18:42:56","slug":"pequeno-almoco","status":"publish","type":"page","link":"https:\/\/restaurante-atmosphere.pt\/?page_id=357","title":{"rendered":"Pequeno Almo\u00e7o"},"content":{"rendered":"\t\t<div data-elementor-type=\"wp-page\" data-elementor-id=\"357\" class=\"elementor elementor-357\" data-elementor-settings=\"{&quot;ha_cmc_init_switcher&quot;:&quot;no&quot;}\">\n\t\t\t\t<div class=\"elementor-element elementor-element-49b2826 e-flex e-con-boxed e-con e-parent\" data-id=\"49b2826\" data-element_type=\"container\" data-settings=\"{&quot;background_background&quot;:&quot;classic&quot;,&quot;_ha_eqh_enable&quot;:false}\">\n\t\t\t\t\t<div class=\"e-con-inner\">\n\t\t\t\t<div class=\"elementor-element elementor-element-e6f95d7 elementor-widget elementor-widget-text-editor\" data-id=\"e6f95d7\" data-element_type=\"widget\" data-widget_type=\"text-editor.default\">\n\t\t\t\t<div class=\"elementor-widget-container\">\n\t\t\t\t\t\t\t\t\t<p style=\"text-align: center;\">O nosso caf\u00e9 da manh\u00e3 celestial est\u00e1 dispon\u00edvel todos os dias, das 8h \u00e0s 11h.<\/p><p style=\"text-align: center;\"><br \/>40\u20ac por pessoa ilimitado.<\/p><p style=\"text-align: center;\"><br \/>NOTA, se reservar um quarto no nosso hotel Solar de Vilar Seco o pequeno-almo\u00e7o est\u00e1 inclu\u00eddo.<\/p><p style=\"text-align: center;\">Apenas com reserva<\/p>\t\t\t\t\t\t\t\t<\/div>\n\t\t\t\t<\/div>\n\t\t\t\t\t<\/div>\n\t\t\t\t<\/div>\n\t\t\t\t<\/div>\n\t\t","protected":false},"excerpt":{"rendered":"<p>O nosso caf\u00e9 da manh\u00e3 celestial est\u00e1 dispon\u00edvel todos os dias, das 8h \u00e0s 11h. 40\u20ac por pessoa ilimitado. NOTA, se reservar um quarto no nosso hotel Solar de Vilar Seco o pequeno-almo\u00e7o est\u00e1 inclu\u00eddo. Apenas com reserva<\/p>\n","protected":false},"author":1,"featured_media":0,"parent":0,"menu_order":0,"comment_status":"closed","ping_status":"closed","template":"","meta":{"footnotes":""},"class_list":["post-357","page","type-page","status-publish","hentry"],"blocksy_meta":{"page_title_panel":"","has_hero_section":"disabled","12fc41bb70c28cf055f6f222f63a6fa3":"","hero_section":"type-1","hero_elements":[{"id":"custom_title","enabled":true,"heading_tag":"h1","title":"Home"},{"id":"custom_description","enabled":true,"description_visibility":{"desktop":true,"tablet":true,"mobile":false}},{"id":"custom_meta","enabled":false,"meta_elements":[{"id":"author","enabled":true,"label":"By","has_author_avatar":"yes","avatar_size":25},{"id":"post_date","enabled":true,"label":"On","date_format_source":"default","date_format":"M j, Y"},{"id":"updated_date","enabled":false,"label":"On","date_format_source":"default","date_format":"M j, Y"},{"id":"categories","enabled":false,"label":"In","style":"simple"},{"id":"comments","enabled":true}],"page_meta_elements":{"joined":true,"articles_count":true,"comments":true}},{"id":"breadcrumbs","enabled":false}],"f786e1bdf245028f5e56d969cf7e26c8":"","hero_alignment1":"CT_CSS_SKIP_RULE","hero_margin":40,"hero_alignment2":"center","hero_vertical_alignment":"center","11c3233d02be63ef0250d7cf1ea8d0e1":"","hero_structure":"narrow","a860b481133a86013584e80ab59252c5":"","page_title_bg_type":"featured_image","custom_hero_background":{"attachment_id":null},"page_title_image_size":"full","parallax":{"desktop":false,"tablet":false,"mobile":false},"5fe0f96ec653e09f572395ff1323f34a":"","hero_height":"250px","pageTitleFont":{"family":"Default","variation":"Default","size":"30px","line-height":"CT_CSS_SKIP_RULE","letter-spacing":"CT_CSS_SKIP_RULE","text-transform":"CT_CSS_SKIP_RULE","text-decoration":"CT_CSS_SKIP_RULE"},"pageTitleFontColor":{"default":{"color":"CT_CSS_SKIP_RULEDEFAULT"}},"pageMetaFont":{"family":"Default","variation":"n6","size":"12px","line-height":"1.3","letter-spacing":"CT_CSS_SKIP_RULE","text-transform":"uppercase","text-decoration":"CT_CSS_SKIP_RULE"},"pageMetaFontColor":{"default":{"color":"CT_CSS_SKIP_RULEDEFAULT"},"hover":{"color":"CT_CSS_SKIP_RULEDEFAULT"}},"page_meta_button_type_font_colors":{"default":{"color":"CT_CSS_SKIP_RULEDEFAULT"},"hover":{"color":"CT_CSS_SKIP_RULEDEFAULT"}},"page_meta_button_type_background_colors":{"default":{"color":"CT_CSS_SKIP_RULEDEFAULT"},"hover":{"color":"CT_CSS_SKIP_RULEDEFAULT"}},"pageExcerptFont":{"family":"Default","variation":"Default","size":"CT_CSS_SKIP_RULE","line-height":"CT_CSS_SKIP_RULE","letter-spacing":"CT_CSS_SKIP_RULE","text-transform":"CT_CSS_SKIP_RULE","text-decoration":"CT_CSS_SKIP_RULE"},"pageExcerptColor":{"default":{"color":"CT_CSS_SKIP_RULEDEFAULT"}},"breadcrumbsFont":{"family":"Default","variation":"Default","size":"CT_CSS_SKIP_RULE","line-height":"CT_CSS_SKIP_RULE","letter-spacing":"CT_CSS_SKIP_RULE","text-transform":"CT_CSS_SKIP_RULE","text-decoration":"CT_CSS_SKIP_RULE"},"breadcrumbsFontColor":{"default":{"color":"CT_CSS_SKIP_RULEDEFAULT"},"initial":{"color":"CT_CSS_SKIP_RULEDEFAULT"},"hover":{"color":"CT_CSS_SKIP_RULEDEFAULT"}},"pageTitleOverlay":{"background_type":"color","background_pattern":"type-1","background_image":{"attachment_id":null,"x":0,"y":0},"gradient":"linear-gradient(135deg,rgba(6,147,227,1) 0%,rgb(155,81,224) 100%)","background_repeat":"repeat","background_size":"auto","background_attachment":"scroll","patternColor":{"default":{"color":"#e5e7ea"}},"overlayColor":{"default":{"color":"CT_CSS_SKIP_RULE"}},"backgroundColor":{"default":{"color":"CT_CSS_SKIP_RULE"}}},"pageTitleBackground":{"background_type":"color","background_pattern":"type-1","background_image":{"attachment_id":null,"x":0,"y":0},"gradient":"linear-gradient(135deg,rgba(6,147,227,1) 0%,rgb(155,81,224) 100%)","background_repeat":"repeat","background_size":"auto","background_attachment":"scroll","patternColor":{"default":{"color":"#e5e7ea"}},"overlayColor":{"default":{"color":"CT_CSS_SKIP_RULE"}},"backgroundColor":{"default":{"color":"var(--theme-palette-color-6)"}}},"pageTitlePadding":{"top":"50px","bottom":"50px","left":"auto","right":"auto","linked":true},"a303ba96105db1c68f6628b158b8dbfa":"","page_structure_type":"default","aa6c2694a416349cbc7345e4d010568f":"","content_style_source":"inherit","content_style":"wide","vertical_spacing_source":"custom","content_area_spacing":"none","background":{"background_type":"color","background_pattern":"type-1","background_image":{"attachment_id":null,"x":0,"y":0},"gradient":"linear-gradient(135deg,rgba(6,147,227,1) 0%,rgb(155,81,224) 100%)","background_repeat":"repeat","background_size":"auto","background_attachment":"scroll","patternColor":{"default":{"color":"#e5e7ea"}},"overlayColor":{"default":{"color":"CT_CSS_SKIP_RULE"}},"backgroundColor":{"default":{"color":"CT_CSS_SKIP_RULE"}}},"content_background":{"background_type":"color","background_pattern":"type-1","background_image":{"attachment_id":null,"x":0,"y":0},"gradient":"linear-gradient(135deg,rgba(6,147,227,1) 0%,rgb(155,81,224) 100%)","background_repeat":"repeat","background_size":"auto","background_attachment":"scroll","patternColor":{"default":{"color":"#e5e7ea"}},"overlayColor":{"default":{"color":"CT_CSS_SKIP_RULE"}},"backgroundColor":{"default":{"color":"var(--theme-palette-color-8)"}}},"content_boxed_shadow":{"inherit":false,"blur":18,"spread":-6,"v_offset":12,"h_offset":0,"inset":false,"enable":true,"color":{"color":"rgba(34, 56, 101, 0.04)"}},"content_boxed_border":{"width":1,"style":"none","color":{"color":"rgba(44,62,80,0.2)"}},"content_boxed_radius":{"top":"3px","bottom":"3px","left":"3px","right":"3px","linked":true},"boxed_content_spacing":{"desktop":{"top":"40px","bottom":"40px","left":"40px","right":"40px","linked":true},"tablet":{"top":"35px","bottom":"35px","left":"35px","right":"35px","linked":true},"mobile":{"top":"20px","bottom":"20px","left":"20px","right":"20px","linked":true}},"85e664fdc279c89ca91d311c866b8263":"","disable_featured_image":"no","disable_share_box":"no","disable_header":"no","disable_footer":"no","styles_descriptor":{"styles":{"desktop":"","tablet":"","mobile":""},"google_fonts":[],"version":6}},"yoast_head":"<!-- This site is optimized with the Yoast SEO plugin v24.4 - https:\/\/yoast.com\/wordpress\/plugins\/seo\/ -->\n<title>Pequeno Almo\u00e7o - Atmosphere<\/title>\n<meta name=\"robots\" content=\"index, follow, max-snippet:-1, max-image-preview:large, max-video-preview:-1\" \/>\n<link rel=\"canonical\" href=\"https:\/\/restaurante-atmosphere.pt\/?page_id=357\" \/>\n<meta property=\"og:locale\" content=\"en_US\" \/>\n<meta property=\"og:type\" content=\"article\" \/>\n<meta property=\"og:title\" content=\"Pequeno Almo\u00e7o - Atmosphere\" \/>\n<meta property=\"og:description\" content=\"O nosso caf\u00e9 da manh\u00e3 celestial est\u00e1 dispon\u00edvel todos os dias, das 8h \u00e0s 11h. 40\u20ac por pessoa ilimitado. NOTA, se reservar um quarto no nosso hotel Solar de Vilar Seco o pequeno-almo\u00e7o est\u00e1 inclu\u00eddo. Apenas com reserva\" \/>\n<meta property=\"og:url\" content=\"https:\/\/restaurante-atmosphere.pt\/?page_id=357\" \/>\n<meta property=\"og:site_name\" content=\"Atmosphere\" \/>\n<meta property=\"article:modified_time\" content=\"2024-09-10T18:42:56+00:00\" \/>\n<meta name=\"twitter:card\" content=\"summary_large_image\" \/>\n<script type=\"application\/ld+json\" class=\"yoast-schema-graph\">{\"@context\":\"https:\/\/schema.org\",\"@graph\":[{\"@type\":\"WebPage\",\"@id\":\"https:\/\/restaurante-atmosphere.pt\/?page_id=357\",\"url\":\"https:\/\/restaurante-atmosphere.pt\/?page_id=357\",\"name\":\"Pequeno Almo\u00e7o - Atmosphere\",\"isPartOf\":{\"@id\":\"https:\/\/restaurante-atmosphere.pt\/#website\"},\"datePublished\":\"2022-10-28T14:07:07+00:00\",\"dateModified\":\"2024-09-10T18:42:56+00:00\",\"breadcrumb\":{\"@id\":\"https:\/\/restaurante-atmosphere.pt\/?page_id=357#breadcrumb\"},\"inLanguage\":\"en-US\",\"potentialAction\":[{\"@type\":\"ReadAction\",\"target\":[\"https:\/\/restaurante-atmosphere.pt\/?page_id=357\"]}]},{\"@type\":\"BreadcrumbList\",\"@id\":\"https:\/\/restaurante-atmosphere.pt\/?page_id=357#breadcrumb\",\"itemListElement\":[{\"@type\":\"ListItem\",\"position\":1,\"name\":\"Home\",\"item\":\"https:\/\/restaurante-atmosphere.pt\/\"},{\"@type\":\"ListItem\",\"position\":2,\"name\":\"Pequeno Almo\u00e7o\"}]},{\"@type\":\"WebSite\",\"@id\":\"https:\/\/restaurante-atmosphere.pt\/#website\",\"url\":\"https:\/\/restaurante-atmosphere.pt\/\",\"name\":\"Atmosphere\",\"description\":\"\",\"publisher\":{\"@id\":\"https:\/\/restaurante-atmosphere.pt\/#organization\"},\"potentialAction\":[{\"@type\":\"SearchAction\",\"target\":{\"@type\":\"EntryPoint\",\"urlTemplate\":\"https:\/\/restaurante-atmosphere.pt\/?s={search_term_string}\"},\"query-input\":{\"@type\":\"PropertyValueSpecification\",\"valueRequired\":true,\"valueName\":\"search_term_string\"}}],\"inLanguage\":\"en-US\"},{\"@type\":\"Organization\",\"@id\":\"https:\/\/restaurante-atmosphere.pt\/#organization\",\"name\":\"Atmosphere\",\"url\":\"https:\/\/restaurante-atmosphere.pt\/\",\"logo\":{\"@type\":\"ImageObject\",\"inLanguage\":\"en-US\",\"@id\":\"https:\/\/restaurante-atmosphere.pt\/#\/schema\/logo\/image\/\",\"url\":\"https:\/\/restaurante-atmosphere.pt\/wp-content\/uploads\/2024\/08\/Logo-B.png\",\"contentUrl\":\"https:\/\/restaurante-atmosphere.pt\/wp-content\/uploads\/2024\/08\/Logo-B.png\",\"width\":463,\"height\":223,\"caption\":\"Atmosphere\"},\"image\":{\"@id\":\"https:\/\/restaurante-atmosphere.pt\/#\/schema\/logo\/image\/\"}}]}<\/script>\n<!-- \/ Yoast SEO plugin. -->","yoast_head_json":{"title":"Pequeno Almo\u00e7o - Atmosphere","robots":{"index":"index","follow":"follow","max-snippet":"max-snippet:-1","max-image-preview":"max-image-preview:large","max-video-preview":"max-video-preview:-1"},"canonical":"https:\/\/restaurante-atmosphere.pt\/?page_id=357","og_locale":"en_US","og_type":"article","og_title":"Pequeno Almo\u00e7o - Atmosphere","og_description":"O nosso caf\u00e9 da manh\u00e3 celestial est\u00e1 dispon\u00edvel todos os dias, das 8h \u00e0s 11h. 40\u20ac por pessoa ilimitado. NOTA, se reservar um quarto no nosso hotel Solar de Vilar Seco o pequeno-almo\u00e7o est\u00e1 inclu\u00eddo. Apenas com reserva","og_url":"https:\/\/restaurante-atmosphere.pt\/?page_id=357","og_site_name":"Atmosphere","article_modified_time":"2024-09-10T18:42:56+00:00","twitter_card":"summary_large_image","schema":{"@context":"https:\/\/schema.org","@graph":[{"@type":"WebPage","@id":"https:\/\/restaurante-atmosphere.pt\/?page_id=357","url":"https:\/\/restaurante-atmosphere.pt\/?page_id=357","name":"Pequeno Almo\u00e7o - Atmosphere","isPartOf":{"@id":"https:\/\/restaurante-atmosphere.pt\/#website"},"datePublished":"2022-10-28T14:07:07+00:00","dateModified":"2024-09-10T18:42:56+00:00","breadcrumb":{"@id":"https:\/\/restaurante-atmosphere.pt\/?page_id=357#breadcrumb"},"inLanguage":"en-US","potentialAction":[{"@type":"ReadAction","target":["https:\/\/restaurante-atmosphere.pt\/?page_id=357"]}]},{"@type":"BreadcrumbList","@id":"https:\/\/restaurante-atmosphere.pt\/?page_id=357#breadcrumb","itemListElement":[{"@type":"ListItem","position":1,"name":"Home","item":"https:\/\/restaurante-atmosphere.pt\/"},{"@type":"ListItem","position":2,"name":"Pequeno Almo\u00e7o"}]},{"@type":"WebSite","@id":"https:\/\/restaurante-atmosphere.pt\/#website","url":"https:\/\/restaurante-atmosphere.pt\/","name":"Atmosphere","description":"","publisher":{"@id":"https:\/\/restaurante-atmosphere.pt\/#organization"},"potentialAction":[{"@type":"SearchAction","target":{"@type":"EntryPoint","urlTemplate":"https:\/\/restaurante-atmosphere.pt\/?s={search_term_string}"},"query-input":{"@type":"PropertyValueSpecification","valueRequired":true,"valueName":"search_term_string"}}],"inLanguage":"en-US"},{"@type":"Organization","@id":"https:\/\/restaurante-atmosphere.pt\/#organization","name":"Atmosphere","url":"https:\/\/restaurante-atmosphere.pt\/","logo":{"@type":"ImageObject","inLanguage":"en-US","@id":"https:\/\/restaurante-atmosphere.pt\/#\/schema\/logo\/image\/","url":"https:\/\/restaurante-atmosphere.pt\/wp-content\/uploads\/2024\/08\/Logo-B.png","contentUrl":"https:\/\/restaurante-atmosphere.pt\/wp-content\/uploads\/2024\/08\/Logo-B.png","width":463,"height":223,"caption":"Atmosphere"},"image":{"@id":"https:\/\/restaurante-atmosphere.pt\/#\/schema\/logo\/image\/"}}]}},"_links":{"self":[{"href":"https:\/\/restaurante-atmosphere.pt\/index.php?rest_route=\/wp\/v2\/pages\/357","targetHints":{"allow":["GET"]}}],"collection":[{"href":"https:\/\/restaurante-atmosphere.pt\/index.php?rest_route=\/wp\/v2\/pages"}],"about":[{"href":"https:\/\/restaurante-atmosphere.pt\/index.php?rest_route=\/wp\/v2\/types\/page"}],"author":[{"embeddable":true,"href":"https:\/\/restaurante-atmosphere.pt\/index.php?rest_route=\/wp\/v2\/users\/1"}],"replies":[{"embeddable":true,"href":"https:\/\/restaurante-atmosphere.pt\/index.php?rest_route=%2Fwp%2Fv2%2Fcomments&post=357"}],"version-history":[{"count":50,"href":"https:\/\/restaurante-atmosphere.pt\/index.php?rest_route=\/wp\/v2\/pages\/357\/revisions"}],"predecessor-version":[{"id":1807,"href":"https:\/\/restaurante-atmosphere.pt\/index.php?rest_route=\/wp\/v2\/pages\/357\/revisions\/1807"}],"wp:attachment":[{"href":"https:\/\/restaurante-atmosphere.pt\/index.php?rest_route=%2Fwp%2Fv2%2Fmedia&parent=357"}],"curies":[{"name":"wp","href":"https:\/\/api.w.org\/{rel}","templated":true}]}}